{"id":290,"date":"2019-11-29T17:36:40","date_gmt":"2019-11-29T16:36:40","guid":{"rendered":"https:\/\/weis-gmbh.eu\/pl\/?page_id=290"},"modified":"2019-12-18T12:33:33","modified_gmt":"2019-12-18T11:33:33","slug":"sonderkonstruktionen","status":"publish","type":"page","link":"https:\/\/weis-gmbh.eu\/pl\/sonderkonstruktionen\/","title":{"rendered":"Specjalne konstrukcje"},"content":{"rendered":"\n<p> Wychodz\u0105c naprzeciw coraz liczniejszym zapytaniom dotycz\u0105cym indywidualnych rozwi\u0105za\u0144 konstrukcyjnych ze strony klient\u00f3w, dodali\u015bmy do naszej oferty projektowanie i wykonanie nie standardowych konstrukcji. <\/p>\n\n\n\n<p> Posiadamy zesp\u00f3\u0142 do\u015bwiadczonych pracownik\u00f3w oraz zaplecze techniczne umo\u017cliwiaj\u0105ce projektowanie i wykonywanie nie typowych element\u00f3w konstrukcji. Dostosowujemy rozwi\u0105zania do istniej\u0105cych uwarunkowa\u0144 technicznych i organizacyjnych tak aby w spos\u00f3b optymalny spe\u0142nia\u0142y swoje zadanie.<br> W oparciu o dokumentacj\u0119 w\u0142asn\u0105, uwzgl\u0119dniaj\u0105c warunki techniczne eksploatacji lub wykorzystuj\u0105c dokumentacj\u0119 techniczn\u0105 Klienta staramy si\u0119 wykona\u0107 konstrukcje spe\u0142niaj\u0105ce specyficzne wymagania. Posiadamy do\u015bwiadczenie w innowacyjnych projektach, kt\u00f3re z powodzeniem wdro\u017cyli\u015bmy w wielu miejscach. <\/p>\n\n\n\n<p> Gwarantujemy Pa\u0144stwu produkty kt\u00f3re mo\u017cna okre\u015bli\u0107 takimi cechami jak: najwy\u017csza jako\u015b\u0107 wykonania, d\u0142uga \u017cywotno\u015b\u0107, odpowiednia cena do warto\u015bci produktu. <\/p>\n\n\n\n<p> Je\u015bli s\u0105 Pa\u0144stwo zainteresowani zapraszamy do kontaktu poprzez <a href=\"https:\/\/weis-gmbh.eu\/pl\/kontakt\/\">formularz kontaktowy<\/a> lub telefonicznie: <\/p>\n\n\n\n<p> Osoba do kontaktu: Adam Dubiel &#8211; Tel. <a href=\"tel:+491715408392\">+49 171 540 8392<\/a> <\/p>\n","protected":false},"excerpt":{"rendered":"<p>Wychodz\u0105c naprzeciw coraz liczniejszym zapytaniom dotycz\u0105cym indywidualnych rozwi\u0105za\u0144 konstrukcyjnych ze strony klient\u00f3w, dodali\u015bmy do naszej oferty projektowanie i wykonanie nie standardowych konstrukcji. Posiadamy zesp\u00f3\u0142 do\u015bwiadczonych pracownik\u00f3w oraz zaplecze techniczne umo\u017cliwiaj\u0105ce projektowanie i wykonywanie nie typowych element\u00f3w konstrukcji. Dostosowujemy rozwi\u0105zania do istniej\u0105cych uwarunkowa\u0144 technicznych i organizacyjnych tak aby w spos\u00f3b optymalny spe\u0142nia\u0142y swoje zadanie. W oparciu &hellip; <a href=\"https:\/\/weis-gmbh.eu\/pl\/sonderkonstruktionen\/\">Continued<\/a><\/p>\n","protected":false},"author":1,"featured_media":0,"parent":0,"menu_order":0,"comment_status":"closed","ping_status":"closed","template":"","meta":{"_acf_changed":false,"footnotes":""},"acf":[],"_links":{"self":[{"href":"https:\/\/weis-gmbh.eu\/pl\/wp-json\/wp\/v2\/pages\/290"}],"collection":[{"href":"https:\/\/weis-gmbh.eu\/pl\/wp-json\/wp\/v2\/pages"}],"about":[{"href":"https:\/\/weis-gmbh.eu\/pl\/wp-json\/wp\/v2\/types\/page"}],"author":[{"embeddable":true,"href":"https:\/\/weis-gmbh.eu\/pl\/wp-json\/wp\/v2\/users\/1"}],"replies":[{"embeddable":true,"href":"https:\/\/weis-gmbh.eu\/pl\/wp-json\/wp\/v2\/comments?post=290"}],"version-history":[{"count":3,"href":"https:\/\/weis-gmbh.eu\/pl\/wp-json\/wp\/v2\/pages\/290\/revisions"}],"predecessor-version":[{"id":454,"href":"https:\/\/weis-gmbh.eu\/pl\/wp-json\/wp\/v2\/pages\/290\/revisions\/454"}],"wp:attachment":[{"href":"https:\/\/weis-gmbh.eu\/pl\/wp-json\/wp\/v2\/media?parent=290"}],"curies":[{"name":"wp","href":"https:\/\/api.w.org\/{rel}","templated":true}]}}