{"id":233,"date":"2019-11-28T12:51:49","date_gmt":"2019-11-28T11:51:49","guid":{"rendered":"https:\/\/weis-gmbh.eu\/pl\/?page_id=233"},"modified":"2019-12-10T13:25:48","modified_gmt":"2019-12-10T12:25:48","slug":"impressum","status":"publish","type":"page","link":"https:\/\/weis-gmbh.eu\/pl\/impressum\/","title":{"rendered":"Impressum"},"content":{"rendered":"\n<p>Serwis oferowany jest przez:<\/p>\n\n\n\n<p>W.E.I.S. Engineering GmbH &amp; Co KG<br>Am Wolfsrain 1<br>63571 Gelnhausen-Hailer<br>Niemcy<\/p>\n\n\n\n<p><br>www.weis-gmbh.eu<br>e-mail: <a href=\"&#x6d;&#x61;&#105;l&#x74;&#x6f;&#x3a;&#119;e&#x69;&#x73;&#x40;&#119;e&#x69;&#x73;&#x2d;&#103;m&#x62;&#x68;&#x2e;&#101;u\">weis(@)weis-gmbh.eu<\/a><\/p>\n\n\n\n<p>Tel. +49-6181-9888 032<br>Fax +49-6181-9888 034<\/p>\n\n\n\n<p>Zarz\u0105d:<\/p>\n\n\n\n<p>Adam Dubiel <br>Werner Polok<\/p>\n\n\n\n<p>Nr Rejestru Handlowego i VAT ID<\/p>\n\n\n\n<p>Siedzib\u0105 odpowiedzialnego s\u0105du jest: Amtsgericht Hanau \/ Niemcy<br> Rejestr handlowy i s\u0105d: Amtsgericht Hanau HRA 92603<br> VAT (Ust-IdNr.). ID: DE258146737<\/p>\n\n\n\n<p>Ochrona danych<\/p>\n\n\n\n<p>Wszystkie informacje przez nas otrzymane b\u0119d\u0105, zgodnie z prawem mi\u0119dzynarodowym, traktowane poufnie i nie b\u0119d\u0105 udost\u0119pniane osobom tryecim.<\/p>\n\n\n\n<p>O\u015bwiadczenie<\/p>\n\n\n\n<p>Nie ponosimy odpowiedzialno\u015bci za zawarto\u015b\u0107, tre\u015b\u0107 i grafik\u0119 stron, do kt\u00f3rych s\u0105 odno\u015bniki. Nie s\u0105 to nasze w\u0142asne strony. O\u015bwiadczenie dotyczy wszystkich link\u00f3w umieszczonych na naszych stronach.<\/p>\n\n\n\n<p>Copyrights<\/p>\n\n\n\n<p>W.E.I.S. Engineering GmbH &amp; Co KG Wszystkie nazwy produkt\u00f3w i znaki towarowe zosta\u0142y u\u017cyte wy\u0142\u0105cznie dla identyfikacji i nale\u017c\u0105 do ich poszczeg\u00f3lnych w\u0142a\u015bcicieli.<\/p>\n\n\n\n<p>Gerichtsstand: Amtsgericht Hanau \/ Niemcy<\/p>\n\n\n\n<p><strong>Polityka prywatno\u015bci serwisu<\/strong>&nbsp;http:\/\/www.weis-gmbh.eu<\/p>\n\n\n\n<p>1. Informacje og\u00f3lne&nbsp;<br>Niniejsza Polityka Prywatno\u015bci okre\u015bla zasady przetwarzania i ochrony danych osobowych przekazanych przez U\u017cytkownik\u00f3w w zwi\u0105zku z korzystaniem przez nich us\u0142ug dowload poprzez Serwis.<\/p>\n\n\n\n<p>2. Administratorem danych osobowych zawartych w serwisie jest:&nbsp;<\/p>\n\n\n\n<p>W.E.I.S. Engineering GmbH &amp; Co KG<br>Am Wolfsrain 1<br>63571 Gelnhausen-Hailer<br>Niemcy<\/p>\n\n\n\n<p><br>3. W trosce o bezpiecze\u0144stwo powierzonych nam danych opracowali\u015bmy wewn\u0119trzne procedury i zalecenia, kt\u00f3re maj\u0105 zapobiec udost\u0119pnieniu danych osobom nieupowa\u017cnionym. Kontrolujemy ich wykonywanie i stale sprawdzamy ich zgodno\u015b\u0107 z odpowiednimi aktami prawnymi &#8211; ustaw\u0105 o ochronie danych osobowych, ustaw\u0105 o \u015bwiadczeniu us\u0142ug drog\u0105 elektroniczn\u0105, a tak\u017ce wszelkiego rodzaju aktach wykonawczych i aktach prawa wsp\u00f3lnotowego.<\/p>\n\n\n\n<p><br>4. Dane Osobowe przetwarzane s\u0105 na podstawie zgody wyra\u017canej przez U\u017cytkownika oraz w przypadkach, w kt\u00f3rych przepisy prawa upowa\u017cniaj\u0105 Administratora do przetwarzania danych osobowych na podstawie przepis\u00f3w prawa lub w celu realizacji zawartej pomi\u0119dzy stronami umowy.<\/p>\n\n\n\n<p><br>5. Serwis realizuje funkcje pozyskiwania informacji o u\u017cytkownikach i ich zachowaniach w nast\u0119puj\u0105cy spos\u00f3b:&nbsp;<br>poprzez dobrowolnie wprowadzone w formularzach informacje<br>poprzez gromadzenie plik\u00f3w \u201ccookies\u201d [patrz polityka plik\u00f3w \u201ccookies\u201d].<\/p>\n\n\n\n<p><br>6. Serwis zbiera informacje dobrowolnie podane przez u\u017cytkownika.<\/p>\n\n\n\n<p><br>7. Dane podane w formularzu s\u0105 przetwarzane w celu wynikaj\u0105cym z funkcji konkretnego formularza np. w celu dokonania procesu obs\u0142ugi kontaktu informacyjnego.<\/p>\n\n\n\n<p><br>8. Dane osobowe pozostawione w serwisie nie zostan\u0105 sprzedane ani udost\u0119pnione osobom trzecim, zgodnie z przepisami Ustawy o ochronie danych osobowych.<\/p>\n\n\n\n<p>9. Do danych zawartych w formularzu przys\u0142uguje wgl\u0105d osobie fizycznej, kt\u00f3ra je tam umie\u015bci\u0142a. Osoba ta ma r\u00f3wnie\u017c praw do modyfikacji i zaprzestania przetwarzania swoich danych w dowolnym momencie.<\/p>\n\n\n\n<p>10. Zastrzegamy sobie prawo do zmiany w polityce ochrony prywatno\u015bci serwisu, na kt\u00f3re mo\u017ce wp\u0142yn\u0105\u0107 rozw\u00f3j technologii internetowej, ewentualne zmiany prawa w zakresie ochrony danych osobowych oraz rozw\u00f3j naszego serwisu internetowego. O wszelkich zmianach b\u0119dziemy informowa\u0107 w spos\u00f3b widoczny i zrozumia\u0142y.<\/p>\n\n\n\n<p>11. W Serwisie mog\u0105 pojawia\u0107 si\u0119 linki do innych stron internetowych. Takie strony internetowe dzia\u0142aj\u0105 niezale\u017cnie od Serwisu i nie s\u0105 w \u017caden spos\u00f3b nadzorowane przez serwis www.cad2cad.com Strony te mog\u0105 posiada\u0107 w\u0142asne polityki dotycz\u0105ce prywatno\u015bci oraz regulaminy, z kt\u00f3rymi zalecamy si\u0119 zapozna\u0107.<br>W razie w\u0105tpliwo\u015bci co kt\u00f3regokolwiek z zapis\u00f3w niniejszej polityki prywatno\u015bci jeste\u015bmy do dyspozycji &#8211; nasze dane znale\u017a\u0107 mo\u017cna w zak\u0142adce<\/p>\n\n\n\n<p><\/p>\n\n\n\n<p><\/p>\n","protected":false},"excerpt":{"rendered":"<p>Serwis oferowany jest przez: W.E.I.S. Engineering GmbH &amp; Co KGAm Wolfsrain 163571 Gelnhausen-HailerNiemcy www.weis-gmbh.eue-mail: weis(@)weis-gmbh.eu Tel. +49-6181-9888 032Fax +49-6181-9888 034 Zarz\u0105d: Adam Dubiel Werner Polok Nr Rejestru Handlowego i VAT ID Siedzib\u0105 odpowiedzialnego s\u0105du jest: Amtsgericht Hanau \/ Niemcy Rejestr handlowy i s\u0105d: Amtsgericht Hanau HRA 92603 VAT (Ust-IdNr.). ID: DE258146737 Ochrona danych Wszystkie informacje &hellip; <a href=\"https:\/\/weis-gmbh.eu\/pl\/impressum\/\">Continued<\/a><\/p>\n","protected":false},"author":1,"featured_media":0,"parent":0,"menu_order":0,"comment_status":"closed","ping_status":"closed","template":"","meta":{"_acf_changed":false,"footnotes":""},"acf":[],"_links":{"self":[{"href":"https:\/\/weis-gmbh.eu\/pl\/wp-json\/wp\/v2\/pages\/233"}],"collection":[{"href":"https:\/\/weis-gmbh.eu\/pl\/wp-json\/wp\/v2\/pages"}],"about":[{"href":"https:\/\/weis-gmbh.eu\/pl\/wp-json\/wp\/v2\/types\/page"}],"author":[{"embeddable":true,"href":"https:\/\/weis-gmbh.eu\/pl\/wp-json\/wp\/v2\/users\/1"}],"replies":[{"embeddable":true,"href":"https:\/\/weis-gmbh.eu\/pl\/wp-json\/wp\/v2\/comments?post=233"}],"version-history":[{"count":4,"href":"https:\/\/weis-gmbh.eu\/pl\/wp-json\/wp\/v2\/pages\/233\/revisions"}],"predecessor-version":[{"id":401,"href":"https:\/\/weis-gmbh.eu\/pl\/wp-json\/wp\/v2\/pages\/233\/revisions\/401"}],"wp:attachment":[{"href":"https:\/\/weis-gmbh.eu\/pl\/wp-json\/wp\/v2\/media?parent=233"}],"curies":[{"name":"wp","href":"https:\/\/api.w.org\/{rel}","templated":true}]}}