{"id":231,"date":"2019-11-28T12:51:38","date_gmt":"2019-11-28T11:51:38","guid":{"rendered":"https:\/\/weis-gmbh.eu\/pl\/?page_id=231"},"modified":"2019-12-12T13:12:36","modified_gmt":"2019-12-12T12:12:36","slug":"uber-uns","status":"publish","type":"page","link":"https:\/\/weis-gmbh.eu\/pl\/uber-uns\/","title":{"rendered":"O nas"},"content":{"rendered":"\n<p>W.E.I.S Engineering GmbH &amp; Co KG is an international operating engineering company, formed on the basis of the many years experiences in a range of area such as:<\/p>\n\n\n\n<p>W.E.I.S Engineering GmbH &amp; Co KG jest miedzynarodow\u0105 firm\u0105 in\u017cynieryjn\u0105, powsta\u0142\u0105 na bazie d\u0142ugoletnich do\u015bwiadcze\u0144 w zakresie:<\/p>\n\n\n\n<ul><li>projektowania instalacji przemys\u0142owych,<\/li><li>automatyzacji proces\u00f3w technologicznych,<\/li><li>tworzenia i rozwoju opragramowania,<\/li><li>administracji system\u00f3w,<\/li><li>szkole\u0144 systemowych,<\/li><li>wymiany us\u0142ug,<\/li><li>standaryzacji i koordynacji w projektach<\/li><\/ul>\n\n\n\n<p>Nasz sukces budujemy na zdobytej wiedzy oraz na umiej\u0119tno\u015bciach i do\u015bwiadczeniu, kt\u00f3re s\u0105 wynikiem pracy nad szeregiem projekt\u00f3w.<\/p>\n\n\n\n<p>Zakres naszych us\u0142ug obejmuje projekty instalacji dla:<\/p>\n\n\n\n<ul><li>przemys\u0142u chemicznego,<\/li><li>przemys\u0142u petrochemicznego,<\/li><li>przemys\u0142u farmaceutycznego,<\/li><li>energetyki.<\/li><\/ul>\n\n\n\n<p>Fundamentami naszej dzia\u0142alno\u015bci s\u0105: kompetencja i do\u015bwiadczenie naszych projektant\u00f3w, efektywno\u015b\u0107 stosowanych metod oraz solidno\u015b\u0107 wykonywanych prac. Zapewniamy wysok\u0105 jako\u015b\u0107 us\u0142ug i wsp\u00f3\u0142prac\u0119 na najlepszym poziomie.<\/p>\n\n\n\n<p><strong>Gwarantujemy profesjonalne podej\u015bcie do ka\u017cdego zlecenia.<\/strong><\/p>\n","protected":false},"excerpt":{"rendered":"<p>W.E.I.S Engineering GmbH &amp; Co KG is an international operating engineering company, formed on the basis of the many years experiences in a range of area such as: W.E.I.S Engineering GmbH &amp; Co KG jest miedzynarodow\u0105 firm\u0105 in\u017cynieryjn\u0105, powsta\u0142\u0105 na bazie d\u0142ugoletnich do\u015bwiadcze\u0144 w zakresie: projektowania instalacji przemys\u0142owych, automatyzacji proces\u00f3w technologicznych, tworzenia i rozwoju opragramowania, &hellip; <a href=\"https:\/\/weis-gmbh.eu\/pl\/uber-uns\/\">Continued<\/a><\/p>\n","protected":false},"author":1,"featured_media":0,"parent":0,"menu_order":0,"comment_status":"closed","ping_status":"closed","template":"","meta":{"_acf_changed":false,"footnotes":""},"acf":[],"_links":{"self":[{"href":"https:\/\/weis-gmbh.eu\/pl\/wp-json\/wp\/v2\/pages\/231"}],"collection":[{"href":"https:\/\/weis-gmbh.eu\/pl\/wp-json\/wp\/v2\/pages"}],"about":[{"href":"https:\/\/weis-gmbh.eu\/pl\/wp-json\/wp\/v2\/types\/page"}],"author":[{"embeddable":true,"href":"https:\/\/weis-gmbh.eu\/pl\/wp-json\/wp\/v2\/users\/1"}],"replies":[{"embeddable":true,"href":"https:\/\/weis-gmbh.eu\/pl\/wp-json\/wp\/v2\/comments?post=231"}],"version-history":[{"count":4,"href":"https:\/\/weis-gmbh.eu\/pl\/wp-json\/wp\/v2\/pages\/231\/revisions"}],"predecessor-version":[{"id":426,"href":"https:\/\/weis-gmbh.eu\/pl\/wp-json\/wp\/v2\/pages\/231\/revisions\/426"}],"wp:attachment":[{"href":"https:\/\/weis-gmbh.eu\/pl\/wp-json\/wp\/v2\/media?parent=231"}],"curies":[{"name":"wp","href":"https:\/\/api.w.org\/{rel}","templated":true}]}}