{"id":191,"date":"2019-11-27T20:36:45","date_gmt":"2019-11-27T19:36:45","guid":{"rendered":"https:\/\/weis-gmbh.eu\/pl\/?page_id=191"},"modified":"2019-12-12T13:10:03","modified_gmt":"2019-12-12T12:10:03","slug":"ubersetzung-von","status":"publish","type":"page","link":"https:\/\/weis-gmbh.eu\/pl\/cad-cae-service-technical-translations\/ubersetzung-von\/","title":{"rendered":"T\u0142umaczenia Rysunk\u00f3w DWG\/DXF"},"content":{"rendered":"\n<p>W naszej ofercie znale\u017a\u0107 mo\u017cna r\u00f3wnie\u017c us\u0142ugi t\u0142umaczenia dokumentacji CAD&amp;CAT, jak r\u00f3wnie\u017c eksportu i importu tekst\u00f3w z rysunk\u00f3w DXF i DWG do pliku MS Excel, XLIFF itp.<\/p>\n\n\n\n<p>Obie us\u0142ugi oparte s\u0105 na niezawodnym programie do t\u0142umaczenia dokumentacji technicznej \u2013&nbsp;<strong>Muldrato\u00a9<\/strong>. Program ten gwarantuje wysok\u0105 jako\u015b\u0107 rysunk\u00f3w przet\u0142umaczonych (status \u201eTrusted DWG\u201d).<\/p>\n\n\n\n<p>Je\u017celi nie masz wielu rysunk\u00f3w do t\u0142umaczenia lub wolisz zleci\u0107 ca\u0142o\u015b\u0107 pracy na zewn\u0105trz (outsourcing) zapraszamy do skorzystania z naszych us\u0142ug! Wystarczy przes\u0142a\u0107 do nas rysunki, a my przet\u0142umaczymy je za Ciebie.<\/p>\n\n\n\n<p>Poni\u017cej prezentujemy dwie wersje us\u0142ugi:<\/p>\n\n\n\n<p><strong>I. Us\u0142uga<\/strong><strong>&nbsp;Muldrato\u00a9<\/strong><\/p>\n\n\n\n<ul><li>pe\u0142na us\u0142uga t\u0142umaczenia rysunk\u00f3w DXF\/DWG<\/li><li>t\u0142umaczenie tekst\u00f3w z rysunk\u00f3w przy u\u017cyciu Muldrato<\/li><li>zapis tekst\u00f3w w formie Translation Memory i mo\u017cliwo\u015b\u0107 ich wykorzystania w nast\u0119pnych zleceniach (powtarzaj\u0105ce si\u0119 frazy nie b\u0119d\u0105 wymaga\u0142y t\u0142umaczenia)<\/li><li>optymalizacja listy tekst\u00f3w do t\u0142umaczenia tak, aby zmniejszy\u0107 koszty t\u0142umaczenia (usuwanie liczb, powt\u00f3rze\u0144 itd.)<\/li><li>przet\u0142umaczone rysunki dost\u0119pne s\u0105 w formacie oryginalnym oraz PDF<\/li><li>zapis wielu j\u0119zyk\u00f3w na r\u00f3\u017cnych warstwach na jednym rysunku<\/li><li>automatyczna podmiana brakuj\u0105cych czcionek<\/li><li>standaryzacja rysunk\u00f3w<\/li><\/ul>\n\n\n\n<p>Przet\u0142umacz swoje rysunki z nami!<\/p>\n\n\n\n<p><em><a rel=\"noreferrer noopener\" href=\"http:\/\/muldrato.com\/pl\/kontakt\/\" target=\"_blank\">Z<\/a><a href=\"http:\/\/muldrato.com\/pl\/kontakt\/\" target=\"_blank\" rel=\"noreferrer noopener\" aria-label=\"apytaj o cen\u0119 (opens in a new tab)\">apytaj o cen\u0119<\/a>*<\/em><\/p>\n\n\n\n<p>Cena us\u0142ugi zale\u017cna jest od ilo\u015bci rysunk\u00f3w, znak\u00f3w ze spacjami oraz&nbsp;wybranej kombinacji j\u0119zyk\u00f3w (j\u0119zyk oryginalny i j\u0119zyk t\u0142umaczenia).<\/p>\n\n\n\n<p><strong>II. Us\u0142uga eksportu\/importu tekst\u00f3w z rysunku<\/strong><\/p>\n\n\n\n<p>Je\u017celi chcesz samemu przet\u0142umaczy\u0107 teksty w rysunku, zg\u0142o\u015b si\u0119 do nas!<\/p>\n\n\n\n<p>Ze wzgl\u0119du na du\u017ce zainteresowanie programem Muldrato\u00a9 w\u015br\u00f3d t\u0142umaczy, zdecydowali\u015bmy si\u0119 na wprowadzenie na sta\u0142e do naszej oferty us\u0142ugi eksportu i importu tekst\u00f3w z rysunk\u00f3w DXF\/DWG. Na zam\u00f3wienie Klienta dokonamy eksportu tekst\u00f3w z rysunk\u00f3w do tabeli w MS Excel lub kolumny w XLIFF-ie tak, \u017ceby mo\u017cna by\u0142o \u0142atwo przet\u0142umaczy\u0107 je we w\u0142asnym zakresie.<\/p>\n\n\n\n<p>Korzy\u015bci p\u0142yn\u0105ce z tej oferty:<\/p>\n\n\n\n<ul><li>nie jest wymagane posiadanie program\u00f3w CAD<\/li><li>nie jest wymagane posiadanie umiej\u0119tno\u015bci projektowania w programach CAD ani ich obs\u0142ugi<\/li><li>nie narusza si\u0119 samej grafiki (pracuje si\u0119 tylko z tekstem)<\/li><li>mo\u017cliwy jest zapis i przechowywanie Translation Memory dla przysz\u0142ych zlece\u0144 na \u017cyczenie klienta<\/li><li>eksport tekst\u00f3w z rysunk\u00f3w do pliku w wybranym formacie (m.in. Ms Excel, XLIFF)<\/li><li>optymalizacja listy tekst\u00f3w wyeksportowanych do tabeli t\u0142umaczeniowej<\/li><li>szybki i bezb\u0142\u0119dny import przet\u0142umaczonych tekst\u00f3w z pliku do rysunku<\/li><li>sprawdzenie poprawno\u015bci rysunk\u00f3w (nachodzenie na siebie element\u00f3w rysunku, kontrola wy\u015bwietlania logotyp\u00f3w itd.)<\/li><\/ul>\n\n\n\n<p>Us\u0142uga ta obejmuje:<\/p>\n\n\n\n<p>\u2013 Eksport tekst\u00f3w z plik\u00f3w DXF \/ DWG<br>\u2013 Analiz\u0119 i optymalizacj\u0119 zawarto\u015bci tekstowej dla t\u0142umaczy<br>\u2013 T\u0142umaczenie tekst\u00f3w<br>\u2013 Analiz\u0119 i dostosowanie przet\u0142umaczonego tekstu przed importem do oryginalnych plik\u00f3w<br>\u2013 Import przet\u0142umaczonych tekst\u00f3w do plik\u00f3w \u017ar\u00f3d\u0142owych<\/p>\n\n\n\n<p>Wi\u0119cej informacji mo\u017cna znale\u017a\u0107 na naszej stronie muldrato- wystarczy klikn\u0105\u0107 <a href=\"http:\/\/muldrato.com\/pl\/uslugi\/\">tutaj.<\/a><\/p>\n\n\n\n<ul><li><\/li><\/ul>\n","protected":false},"excerpt":{"rendered":"<p>W naszej ofercie znale\u017a\u0107 mo\u017cna r\u00f3wnie\u017c us\u0142ugi t\u0142umaczenia dokumentacji CAD&amp;CAT, jak r\u00f3wnie\u017c eksportu i importu tekst\u00f3w z rysunk\u00f3w DXF i DWG do pliku MS Excel, XLIFF itp. Obie us\u0142ugi oparte s\u0105 na niezawodnym programie do t\u0142umaczenia dokumentacji technicznej \u2013&nbsp;Muldrato\u00a9. Program ten gwarantuje wysok\u0105 jako\u015b\u0107 rysunk\u00f3w przet\u0142umaczonych (status \u201eTrusted DWG\u201d). Je\u017celi nie masz wielu rysunk\u00f3w do &hellip; <a href=\"https:\/\/weis-gmbh.eu\/pl\/cad-cae-service-technical-translations\/ubersetzung-von\/\">Continued<\/a><\/p>\n","protected":false},"author":1,"featured_media":0,"parent":142,"menu_order":0,"comment_status":"closed","ping_status":"closed","template":"views\/cad.blade.php","meta":{"_acf_changed":false,"footnotes":""},"acf":[],"_links":{"self":[{"href":"https:\/\/weis-gmbh.eu\/pl\/wp-json\/wp\/v2\/pages\/191"}],"collection":[{"href":"https:\/\/weis-gmbh.eu\/pl\/wp-json\/wp\/v2\/pages"}],"about":[{"href":"https:\/\/weis-gmbh.eu\/pl\/wp-json\/wp\/v2\/types\/page"}],"author":[{"embeddable":true,"href":"https:\/\/weis-gmbh.eu\/pl\/wp-json\/wp\/v2\/users\/1"}],"replies":[{"embeddable":true,"href":"https:\/\/weis-gmbh.eu\/pl\/wp-json\/wp\/v2\/comments?post=191"}],"version-history":[{"count":4,"href":"https:\/\/weis-gmbh.eu\/pl\/wp-json\/wp\/v2\/pages\/191\/revisions"}],"predecessor-version":[{"id":424,"href":"https:\/\/weis-gmbh.eu\/pl\/wp-json\/wp\/v2\/pages\/191\/revisions\/424"}],"up":[{"embeddable":true,"href":"https:\/\/weis-gmbh.eu\/pl\/wp-json\/wp\/v2\/pages\/142"}],"wp:attachment":[{"href":"https:\/\/weis-gmbh.eu\/pl\/wp-json\/wp\/v2\/media?parent=191"}],"curies":[{"name":"wp","href":"https:\/\/api.w.org\/{rel}","templated":true}]}}