{"id":189,"date":"2019-11-27T20:36:35","date_gmt":"2019-11-27T19:36:35","guid":{"rendered":"https:\/\/weis-gmbh.eu\/pl\/?page_id=189"},"modified":"2019-12-18T13:56:15","modified_gmt":"2019-12-18T12:56:15","slug":"dokumentubernahme-von-pdf","status":"publish","type":"page","link":"https:\/\/weis-gmbh.eu\/pl\/cad-cae-service-technical-translations\/dokumentubernahme-von-pdf\/","title":{"rendered":"DZIA\u0141 CAD: Przeniesienie dokument\u00f3w z formy papierowej\/ PDF"},"content":{"rendered":"\n<p>Dokumenty dost\u0119pne tylko w formie papierowej lub formacie PDF mo\u017cemy przenie\u015b\u0107 do r\u00f3\u017cnych system\u00f3w takich jak np. EPLAN, RUPLAN itd. W zale\u017cno\u015bci od po\u017c\u0105danego zakresu wdro\u017cenia oznacza to, \u017ce dokumentacj\u0119 mo\u017cna w pe\u0142ni oceni\u0107.<\/p>\n\n\n\n<p>Dokumenty mo\u017cna zintegrowa\u0107 z wybranymi systemami lub przekonwertowa\u0107 np. na pliki AutoCAD DXF lub DWG.<\/p>\n","protected":false},"excerpt":{"rendered":"<p>Dokumenty dost\u0119pne tylko w formie papierowej lub formacie PDF mo\u017cemy przenie\u015b\u0107 do r\u00f3\u017cnych system\u00f3w takich jak np. EPLAN, RUPLAN itd. W zale\u017cno\u015bci od po\u017c\u0105danego zakresu wdro\u017cenia oznacza to, \u017ce dokumentacj\u0119 mo\u017cna w pe\u0142ni oceni\u0107. Dokumenty mo\u017cna zintegrowa\u0107 z wybranymi systemami lub przekonwertowa\u0107 np. na pliki AutoCAD DXF lub DWG.<\/p>\n","protected":false},"author":1,"featured_media":0,"parent":142,"menu_order":0,"comment_status":"closed","ping_status":"closed","template":"views\/cad.blade.php","meta":{"_acf_changed":false,"footnotes":""},"acf":[],"_links":{"self":[{"href":"https:\/\/weis-gmbh.eu\/pl\/wp-json\/wp\/v2\/pages\/189"}],"collection":[{"href":"https:\/\/weis-gmbh.eu\/pl\/wp-json\/wp\/v2\/pages"}],"about":[{"href":"https:\/\/weis-gmbh.eu\/pl\/wp-json\/wp\/v2\/types\/page"}],"author":[{"embeddable":true,"href":"https:\/\/weis-gmbh.eu\/pl\/wp-json\/wp\/v2\/users\/1"}],"replies":[{"embeddable":true,"href":"https:\/\/weis-gmbh.eu\/pl\/wp-json\/wp\/v2\/comments?post=189"}],"version-history":[{"count":8,"href":"https:\/\/weis-gmbh.eu\/pl\/wp-json\/wp\/v2\/pages\/189\/revisions"}],"predecessor-version":[{"id":459,"href":"https:\/\/weis-gmbh.eu\/pl\/wp-json\/wp\/v2\/pages\/189\/revisions\/459"}],"up":[{"embeddable":true,"href":"https:\/\/weis-gmbh.eu\/pl\/wp-json\/wp\/v2\/pages\/142"}],"wp:attachment":[{"href":"https:\/\/weis-gmbh.eu\/pl\/wp-json\/wp\/v2\/media?parent=189"}],"curies":[{"name":"wp","href":"https:\/\/api.w.org\/{rel}","templated":true}]}}