{"id":187,"date":"2019-11-27T20:36:24","date_gmt":"2019-11-27T19:36:24","guid":{"rendered":"https:\/\/weis-gmbh.eu\/pl\/?page_id=187"},"modified":"2019-12-18T13:39:12","modified_gmt":"2019-12-18T12:39:12","slug":"technische-dokumentation","status":"publish","type":"page","link":"https:\/\/weis-gmbh.eu\/pl\/cad-cae-service-technical-translations\/technische-dokumentation\/","title":{"rendered":"Dokumentacja Techniczna"},"content":{"rendered":"\n<p>W oparciu o wieloletnie do\u015bwiadczenie i wiele projekt\u00f3w oferujemy szeroki zakres us\u0142ug w zakresie dokumentacji technicznej.<\/p>\n\n\n\n<p>Dzi\u0119ki \u015bcis\u0142ej wsp\u00f3\u0142pracy z naszymi firmami partnerskimi tworzymy i weryfikujemy dokumentacj\u0119 w r\u00f3\u017cnych systemach CAD \/ CAE.<\/p>\n\n\n\n<p><strong>DZIA\u0141 CAE: Tworzenie i przegl\u0105d dokumentacji<\/strong><\/p>\n\n\n\n<p>Projekty realizujemy przy u\u017cyciu poni\u017cszych system\u00f3w:<\/p>\n\n\n\n<ul><li><strong>RUPLAN<\/strong> 4.x<\/li><li>Ruplan Basic<\/li><li>RUPLAN EVU razem z QS (stara norma DIN, nowa IEC oraz KKS)<\/li><li>RUPLAN LOC \u2013 dla pojazd\u00f3w szynowych<\/li><li>RUPLAN KABI <\/li><li>RUPLAN ATD Modul \u2013 Austryjacka bran\u017ca energetyczna<\/li><li>RUPLAN z modu\u0142em Daimler *<\/li><li>EPLAN<\/li><li>ELCAD wszystkie wersje,  In\u017cynieria mechaniczna<\/li><li>AUCOPLAN  wszystkie wersje, EMR-wyposa\u017cenie techniczne<\/li><li>Engineering Base Power<\/li><li>Engineering Base \u2013 r\u00f3\u017cne bran\u017ce<\/li><li>AutoCAD<\/li><li>MicroStation<\/li><li>inne systemy i formaty na \u017cyczenie<\/li><\/ul>\n","protected":false},"excerpt":{"rendered":"<p>W oparciu o wieloletnie do\u015bwiadczenie i wiele projekt\u00f3w oferujemy szeroki zakres us\u0142ug w zakresie dokumentacji technicznej. Dzi\u0119ki \u015bcis\u0142ej wsp\u00f3\u0142pracy z naszymi firmami partnerskimi tworzymy i weryfikujemy dokumentacj\u0119 w r\u00f3\u017cnych systemach CAD \/ CAE. DZIA\u0141 CAE: Tworzenie i przegl\u0105d dokumentacji Projekty realizujemy przy u\u017cyciu poni\u017cszych system\u00f3w: RUPLAN 4.x Ruplan Basic RUPLAN EVU razem z QS (stara &hellip; <a href=\"https:\/\/weis-gmbh.eu\/pl\/cad-cae-service-technical-translations\/technische-dokumentation\/\">Continued<\/a><\/p>\n","protected":false},"author":1,"featured_media":0,"parent":142,"menu_order":0,"comment_status":"closed","ping_status":"closed","template":"views\/cad.blade.php","meta":{"_acf_changed":false,"footnotes":""},"acf":[],"_links":{"self":[{"href":"https:\/\/weis-gmbh.eu\/pl\/wp-json\/wp\/v2\/pages\/187"}],"collection":[{"href":"https:\/\/weis-gmbh.eu\/pl\/wp-json\/wp\/v2\/pages"}],"about":[{"href":"https:\/\/weis-gmbh.eu\/pl\/wp-json\/wp\/v2\/types\/page"}],"author":[{"embeddable":true,"href":"https:\/\/weis-gmbh.eu\/pl\/wp-json\/wp\/v2\/users\/1"}],"replies":[{"embeddable":true,"href":"https:\/\/weis-gmbh.eu\/pl\/wp-json\/wp\/v2\/comments?post=187"}],"version-history":[{"count":6,"href":"https:\/\/weis-gmbh.eu\/pl\/wp-json\/wp\/v2\/pages\/187\/revisions"}],"predecessor-version":[{"id":457,"href":"https:\/\/weis-gmbh.eu\/pl\/wp-json\/wp\/v2\/pages\/187\/revisions\/457"}],"up":[{"embeddable":true,"href":"https:\/\/weis-gmbh.eu\/pl\/wp-json\/wp\/v2\/pages\/142"}],"wp:attachment":[{"href":"https:\/\/weis-gmbh.eu\/pl\/wp-json\/wp\/v2\/media?parent=187"}],"curies":[{"name":"wp","href":"https:\/\/api.w.org\/{rel}","templated":true}]}}