{"id":179,"date":"2019-11-27T20:35:20","date_gmt":"2019-11-27T19:35:20","guid":{"rendered":"https:\/\/weis-gmbh.eu\/pl\/?page_id=179"},"modified":"2019-12-10T14:02:10","modified_gmt":"2019-12-10T13:02:10","slug":"personal-support","status":"publish","type":"page","link":"https:\/\/weis-gmbh.eu\/pl\/industrial-automation\/personal-support\/","title":{"rendered":"Wsparcie Kadrowe"},"content":{"rendered":"\n<p>Nasza oferta z zakresu doradztwa oraz us\u0142ug organizacyjnych i  personalnych skierowana jest przede wszystkim do firm, biur  in\u017cynierskich oraz team\u00f3w projektowych, kt\u00f3re szukaj\u0105 w\u0142a\u015bciwych, a co  wi\u0119cej \u2013 profesjonalnych \u2013 pracownik\u00f3w lub partner\u00f3w.<\/p>\n\n\n\n<p>Je\u017celi jeste\u015b Klientem i szukasz wyspecjalizowanej kadry, zapraszamy do kontaktu<\/p>\n\n\n\n<p>Nasza oferta z zakresu doradztwa oraz us\u0142ug organizacyjnych i  personalnych skierowana jest do specjalist\u00f3w poszukuj\u0105cych projekt\u00f3w  odpowiadaj\u0105cym ich kwalifikacjom.<\/p>\n\n\n\n<p>Je\u017celi jeste\u015b Specjalist\u0105 i szukasz nowych wyzwa\u0144 zawodowych, zapraszamy do kontaktu.<\/p>\n\n\n\n<p><\/p>\n","protected":false},"excerpt":{"rendered":"<p>Nasza oferta z zakresu doradztwa oraz us\u0142ug organizacyjnych i personalnych skierowana jest przede wszystkim do firm, biur in\u017cynierskich oraz team\u00f3w projektowych, kt\u00f3re szukaj\u0105 w\u0142a\u015bciwych, a co wi\u0119cej \u2013 profesjonalnych \u2013 pracownik\u00f3w lub partner\u00f3w. Je\u017celi jeste\u015b Klientem i szukasz wyspecjalizowanej kadry, zapraszamy do kontaktu Nasza oferta z zakresu doradztwa oraz us\u0142ug organizacyjnych i personalnych skierowana jest &hellip; <a href=\"https:\/\/weis-gmbh.eu\/pl\/industrial-automation\/personal-support\/\">Continued<\/a><\/p>\n","protected":false},"author":1,"featured_media":0,"parent":136,"menu_order":0,"comment_status":"closed","ping_status":"closed","template":"","meta":{"_acf_changed":false,"footnotes":""},"acf":[],"_links":{"self":[{"href":"https:\/\/weis-gmbh.eu\/pl\/wp-json\/wp\/v2\/pages\/179"}],"collection":[{"href":"https:\/\/weis-gmbh.eu\/pl\/wp-json\/wp\/v2\/pages"}],"about":[{"href":"https:\/\/weis-gmbh.eu\/pl\/wp-json\/wp\/v2\/types\/page"}],"author":[{"embeddable":true,"href":"https:\/\/weis-gmbh.eu\/pl\/wp-json\/wp\/v2\/users\/1"}],"replies":[{"embeddable":true,"href":"https:\/\/weis-gmbh.eu\/pl\/wp-json\/wp\/v2\/comments?post=179"}],"version-history":[{"count":6,"href":"https:\/\/weis-gmbh.eu\/pl\/wp-json\/wp\/v2\/pages\/179\/revisions"}],"predecessor-version":[{"id":408,"href":"https:\/\/weis-gmbh.eu\/pl\/wp-json\/wp\/v2\/pages\/179\/revisions\/408"}],"up":[{"embeddable":true,"href":"https:\/\/weis-gmbh.eu\/pl\/wp-json\/wp\/v2\/pages\/136"}],"wp:attachment":[{"href":"https:\/\/weis-gmbh.eu\/pl\/wp-json\/wp\/v2\/media?parent=179"}],"curies":[{"name":"wp","href":"https:\/\/api.w.org\/{rel}","templated":true}]}}