{"id":177,"date":"2019-11-27T20:35:06","date_gmt":"2019-11-27T19:35:06","guid":{"rendered":"https:\/\/weis-gmbh.eu\/pl\/?page_id=177"},"modified":"2019-12-10T14:09:08","modified_gmt":"2019-12-10T13:09:08","slug":"profibus-profinet","status":"publish","type":"page","link":"https:\/\/weis-gmbh.eu\/pl\/industrial-automation\/profibus-profinet\/","title":{"rendered":"ProfiBUS &amp; ProfiNET &trade;"},"content":{"rendered":"\n<p>Profibus jest jedn\u0105 z najpopularniejszych magistral komunikacyjnych wykorzystywanych w systemach automatyki na ca\u0142ym \u015bwiecie. Dzi\u0119ki swojej niezawodno\u015bci i ogromnej liczbie dost\u0119pnych na rynku urz\u0105dze\u0144 jego pozycja co roku si\u0119 umacnia.<\/p>\n\n\n\n<p>W naszym zespole pracuj\u0105 in\u017cynierowie certyfikowani przez Profibus&amp;Profinet International. Dysponujemy narz\u0119dziami do analizy zar\u00f3wno warstwy fizycznej jak i protoko\u0142u sieci.<\/p>\n\n\n\n<p>Dzi\u0119ki naszym kwalifikacjom i do\u015bwiadczeniu oferujemy:<\/p>\n\n\n\n<ul><li>Projektowania sieci Profibus,<\/li><li>Audit pracuj\u0105cych sieci,<\/li><li>Uruchamianie nowych instalacji,<\/li><li>Pomoc przy lokalizacji problem\u00f3w w funkcjonowaniu sieci.<\/li><\/ul>\n\n\n\n<p><\/p>\n\n\n\n<figure class=\"wp-block-image\"><img decoding=\"async\" src=\"http:\/\/www.weis-gmbh.eu\/uploads\/images\/profibus_logo.jpg\" alt=\"\" \/><\/figure>\n","protected":false},"excerpt":{"rendered":"<p>Profibus jest jedn\u0105 z najpopularniejszych magistral komunikacyjnych wykorzystywanych w systemach automatyki na ca\u0142ym \u015bwiecie. Dzi\u0119ki swojej niezawodno\u015bci i ogromnej liczbie dost\u0119pnych na rynku urz\u0105dze\u0144 jego pozycja co roku si\u0119 umacnia. W naszym zespole pracuj\u0105 in\u017cynierowie certyfikowani przez Profibus&amp;Profinet International. Dysponujemy narz\u0119dziami do analizy zar\u00f3wno warstwy fizycznej jak i protoko\u0142u sieci. Dzi\u0119ki naszym kwalifikacjom i do\u015bwiadczeniu &hellip; <a href=\"https:\/\/weis-gmbh.eu\/pl\/industrial-automation\/profibus-profinet\/\">Continued<\/a><\/p>\n","protected":false},"author":1,"featured_media":0,"parent":136,"menu_order":0,"comment_status":"closed","ping_status":"closed","template":"","meta":{"_acf_changed":false,"footnotes":""},"acf":[],"_links":{"self":[{"href":"https:\/\/weis-gmbh.eu\/pl\/wp-json\/wp\/v2\/pages\/177"}],"collection":[{"href":"https:\/\/weis-gmbh.eu\/pl\/wp-json\/wp\/v2\/pages"}],"about":[{"href":"https:\/\/weis-gmbh.eu\/pl\/wp-json\/wp\/v2\/types\/page"}],"author":[{"embeddable":true,"href":"https:\/\/weis-gmbh.eu\/pl\/wp-json\/wp\/v2\/users\/1"}],"replies":[{"embeddable":true,"href":"https:\/\/weis-gmbh.eu\/pl\/wp-json\/wp\/v2\/comments?post=177"}],"version-history":[{"count":10,"href":"https:\/\/weis-gmbh.eu\/pl\/wp-json\/wp\/v2\/pages\/177\/revisions"}],"predecessor-version":[{"id":409,"href":"https:\/\/weis-gmbh.eu\/pl\/wp-json\/wp\/v2\/pages\/177\/revisions\/409"}],"up":[{"embeddable":true,"href":"https:\/\/weis-gmbh.eu\/pl\/wp-json\/wp\/v2\/pages\/136"}],"wp:attachment":[{"href":"https:\/\/weis-gmbh.eu\/pl\/wp-json\/wp\/v2\/media?parent=177"}],"curies":[{"name":"wp","href":"https:\/\/api.w.org\/{rel}","templated":true}]}}