{"id":175,"date":"2019-11-27T20:34:55","date_gmt":"2019-11-27T19:34:55","guid":{"rendered":"https:\/\/weis-gmbh.eu\/pl\/?page_id=175"},"modified":"2019-12-10T14:09:36","modified_gmt":"2019-12-10T13:09:36","slug":"automation-dcs-plc","status":"publish","type":"page","link":"https:\/\/weis-gmbh.eu\/pl\/industrial-automation\/automation-dcs-plc\/","title":{"rendered":"Automatyzacja DCS\/SPS"},"content":{"rendered":"\n<p>We wsp\u00f3\u0142pracy z naszymi partnerami zapewniamy wsparcie w realizacji projekt\u00f3w z zakresu automatyki przemys\u0142owej z wykorzystaniem r\u00f3\u017cnych system\u00f3w. Zakres us\u0142ug rozpoczyna si\u0119 od koncepcji, planowania, konfiguracji, wizualizacji i integracji, po uruchomienie i serwis system\u00f3w DCS \/ PLC takich producent\u00f3w jak:<\/p>\n\n\n\n<ul><li><strong>ABB<\/strong> 800xA<strong><sup>TM<\/sup><\/strong>, ABB 800xA BATCH<strong><sup>TM<\/sup><\/strong>, ABB Maestro UX<strong><sup>TM<\/sup><\/strong>, AC800F<strong><sup>TM<\/sup><\/strong>, AC870P<strong><sup>TM<\/sup><\/strong>, AC800M<strong><sup>TM<\/sup><\/strong>, AC450<strong><sup>TM<\/sup><\/strong>, AC160<strong><sup>TM<\/sup><\/strong>, Contronic P<strong><sup>TM<\/sup><\/strong><\/li><li><strong>Siemens<\/strong>-Simatic<strong><sup>TM<\/sup><\/strong> S5 i S7, PCS7<strong><sup>TM<\/sup><\/strong>, Prozess Visualisierung: InTouch<strong><sup>TM<\/sup><\/strong> , ASIX, WinCC<strong><sup>TM<\/sup><\/strong>,<\/li><li>Schneider Electric, Triconex<strong><sup>TM<\/sup><\/strong><\/li><li><strong>Honeywell<\/strong> Experion<strong><sup>TM<\/sup><\/strong><\/li><li><strong>Emerson<\/strong> DeltaV<strong><sup>TM<\/sup><\/strong><\/li><li><strong>Foxboro<\/strong> Eckardt PLS80E.<strong><sup>TM<\/sup><\/strong><\/li><\/ul>\n\n\n\n<p><strong>Oferowane us\u0142ugi:<\/strong><\/p>\n\n\n\n<ul><li>In\u017cynieria podstawowa<\/li><li>Programowanie PLC,PLS, SPS, Batch, Receptur<\/li><li>Wizualizacja proces\u00f3w technologicznych<\/li><li>Kontrola p\u0119tli i uruchamianie<\/li><\/ul>\n\n\n\n<p><strong>Bran\u017ce:<\/strong><\/p>\n\n\n\n<ul><li>chemiczna<\/li><li>petrochemiczna<\/li><li>farmaceutyczna<\/li><li>energetyczna<\/li><\/ul>\n\n\n\n<p><\/p>\n","protected":false},"excerpt":{"rendered":"<p>We wsp\u00f3\u0142pracy z naszymi partnerami zapewniamy wsparcie w realizacji projekt\u00f3w z zakresu automatyki przemys\u0142owej z wykorzystaniem r\u00f3\u017cnych system\u00f3w. Zakres us\u0142ug rozpoczyna si\u0119 od koncepcji, planowania, konfiguracji, wizualizacji i integracji, po uruchomienie i serwis system\u00f3w DCS \/ PLC takich producent\u00f3w jak: ABB 800xATM, ABB 800xA BATCHTM, ABB Maestro UXTM, AC800FTM, AC870PTM, AC800MTM, AC450TM, AC160TM, Contronic PTM &hellip; <a href=\"https:\/\/weis-gmbh.eu\/pl\/industrial-automation\/automation-dcs-plc\/\">Continued<\/a><\/p>\n","protected":false},"author":1,"featured_media":0,"parent":136,"menu_order":0,"comment_status":"closed","ping_status":"closed","template":"","meta":{"_acf_changed":false,"footnotes":""},"acf":[],"_links":{"self":[{"href":"https:\/\/weis-gmbh.eu\/pl\/wp-json\/wp\/v2\/pages\/175"}],"collection":[{"href":"https:\/\/weis-gmbh.eu\/pl\/wp-json\/wp\/v2\/pages"}],"about":[{"href":"https:\/\/weis-gmbh.eu\/pl\/wp-json\/wp\/v2\/types\/page"}],"author":[{"embeddable":true,"href":"https:\/\/weis-gmbh.eu\/pl\/wp-json\/wp\/v2\/users\/1"}],"replies":[{"embeddable":true,"href":"https:\/\/weis-gmbh.eu\/pl\/wp-json\/wp\/v2\/comments?post=175"}],"version-history":[{"count":9,"href":"https:\/\/weis-gmbh.eu\/pl\/wp-json\/wp\/v2\/pages\/175\/revisions"}],"predecessor-version":[{"id":410,"href":"https:\/\/weis-gmbh.eu\/pl\/wp-json\/wp\/v2\/pages\/175\/revisions\/410"}],"up":[{"embeddable":true,"href":"https:\/\/weis-gmbh.eu\/pl\/wp-json\/wp\/v2\/pages\/136"}],"wp:attachment":[{"href":"https:\/\/weis-gmbh.eu\/pl\/wp-json\/wp\/v2\/media?parent=175"}],"curies":[{"name":"wp","href":"https:\/\/api.w.org\/{rel}","templated":true}]}}