{"id":173,"date":"2019-11-27T20:34:28","date_gmt":"2019-11-27T19:34:28","guid":{"rendered":"https:\/\/weis-gmbh.eu\/pl\/?page_id=173"},"modified":"2019-12-12T14:37:54","modified_gmt":"2019-12-12T13:37:54","slug":"unsere-kernkompetenz-abb-system-melody","status":"publish","type":"page","link":"https:\/\/weis-gmbh.eu\/pl\/industrial-automation\/unsere-kernkompetenz-abb-system-melody\/","title":{"rendered":"Nasza specjalizacja: System ABB Melody &trade;"},"content":{"rendered":"\n<p>Od 25 lat nasz\u0105 podstawow\u0105 kompetencj\u0105 jest praca z systemem ABB Melody <strong><sup>TM<\/sup><\/strong> . <\/p>\n\n\n\n<p>Strategiczny cel  naszego zespo\u0142u W.E.I.S.  to przede wszystkim koncentracja na rozwijaniu si\u0119 w \u015brodowisku systemu ABB Melody<strong><sup> TM<\/sup><\/strong>  przy u\u017cyciu narz\u0119dzia programistycznego Composer \u2122 (sterowniki CMC50, CMC70, AC870P), jego wydajno\u015b\u0107 wzrasta poprzez wykorzystanie system\u00f3w ABB do wizualizacji proces\u00f3w  takich jak MAESTRO UX <strong><sup>TM<\/sup><\/strong>   jak r\u00f3wnie\u017c 800xA <strong><sup>TM<\/sup><\/strong>  <\/p>\n\n\n\n<p>Zakres us\u0142ug obejmuje prace od koncepcji po planowanie, konfiguracj\u0119, wizualizacj\u0119 proces\u00f3w a\u017c do planowania i integracji linii Profibus, a tak\u017ce kontrol\u0119 p\u0119tli i uruchomienie system\u00f3w MELODY.<\/p>\n\n\n\n<p><strong>Zakres us\u0142ug:<\/strong><\/p>\n\n\n\n<ul><li>Basic Engineering,<\/li><li>Programowanie z <strong>Composer <sup>TM<\/sup><\/strong>,\u00a0<\/li><li>Wizualizacja proces\u00f3w technologicznych,<\/li><li>Koncepcja, planowanie i wdro\u017cenie automatyzacji proces\u00f3w z systemem <strong>800xA BATCH <sup>TM<\/sup><\/strong> <\/li><li> Kontrola p\u0119tli i uruchomienie  <\/li><\/ul>\n\n\n\n<p><strong>Us\u0142ugi specjalne w ramach podstawowych kompetencji obejmuj\u0105:<\/strong><\/p>\n\n\n\n<p> Wdro\u017cenie jednostek automatyki PLC (takich jak seria Simatic) w systemie DCS Melody. <\/p>\n\n\n\n<ul><li>  Wdro\u017cenie jednostek automatyki PLC (takich jak seria Simatic) w systemie DCS Melody.  <\/li><li>Migracja ABB Contronic P \u2122 (Hartman &amp; Braun). Wdra\u017caj\u0105c funkcj\u0119 CP w DCS Melody TM, je\u015bli wymaga tego klient, okre\u015blone rozwi\u0105zania automatyki Contronic P s\u0105 zast\u0119powane nowymi funkcjami systemu Melody.<\/li><li> Profesjonalne planowanie, uruchomienie, pomiary aktywnych linii wraz z diagnostyk\u0105.   \u00a0<\/li><\/ul>\n\n\n\n<p>. <\/p>\n","protected":false},"excerpt":{"rendered":"<p>Od 25 lat nasz\u0105 podstawow\u0105 kompetencj\u0105 jest praca z systemem ABB Melody TM . Strategiczny cel naszego zespo\u0142u W.E.I.S. to przede wszystkim koncentracja na rozwijaniu si\u0119 w \u015brodowisku systemu ABB Melody TM przy u\u017cyciu narz\u0119dzia programistycznego Composer \u2122 (sterowniki CMC50, CMC70, AC870P), jego wydajno\u015b\u0107 wzrasta poprzez wykorzystanie system\u00f3w ABB do wizualizacji proces\u00f3w takich jak MAESTRO &hellip; <a href=\"https:\/\/weis-gmbh.eu\/pl\/industrial-automation\/unsere-kernkompetenz-abb-system-melody\/\">Continued<\/a><\/p>\n","protected":false},"author":1,"featured_media":0,"parent":136,"menu_order":0,"comment_status":"closed","ping_status":"closed","template":"","meta":{"_acf_changed":false,"footnotes":""},"acf":[],"_links":{"self":[{"href":"https:\/\/weis-gmbh.eu\/pl\/wp-json\/wp\/v2\/pages\/173"}],"collection":[{"href":"https:\/\/weis-gmbh.eu\/pl\/wp-json\/wp\/v2\/pages"}],"about":[{"href":"https:\/\/weis-gmbh.eu\/pl\/wp-json\/wp\/v2\/types\/page"}],"author":[{"embeddable":true,"href":"https:\/\/weis-gmbh.eu\/pl\/wp-json\/wp\/v2\/users\/1"}],"replies":[{"embeddable":true,"href":"https:\/\/weis-gmbh.eu\/pl\/wp-json\/wp\/v2\/comments?post=173"}],"version-history":[{"count":22,"href":"https:\/\/weis-gmbh.eu\/pl\/wp-json\/wp\/v2\/pages\/173\/revisions"}],"predecessor-version":[{"id":439,"href":"https:\/\/weis-gmbh.eu\/pl\/wp-json\/wp\/v2\/pages\/173\/revisions\/439"}],"up":[{"embeddable":true,"href":"https:\/\/weis-gmbh.eu\/pl\/wp-json\/wp\/v2\/pages\/136"}],"wp:attachment":[{"href":"https:\/\/weis-gmbh.eu\/pl\/wp-json\/wp\/v2\/media?parent=173"}],"curies":[{"name":"wp","href":"https:\/\/api.w.org\/{rel}","templated":true}]}}